{"id":17,"date":"2020-03-05T11:40:26","date_gmt":"2020-03-05T11:40:26","guid":{"rendered":"http:\/\/vps141.cesvima.upm.es\/?page_id=17"},"modified":"2024-04-13T23:48:14","modified_gmt":"2024-04-13T23:48:14","slug":"inicio","status":"publish","type":"page","link":"http:\/\/polca.upm.es\/","title":{"rendered":"POLCA"},"content":{"rendered":"\n<p><strong>POL<\/strong>\u00edmeros y otros materiales, <strong>C<\/strong>aracterizaci\u00f3n y <strong>A<\/strong>plicaciones<br> Grupo de Investigaci\u00f3n  de la <a href=\"http:\/\/www.upm.es\">Universidad Polit\u00e9cnica de Madrid<\/a><\/p>\n","protected":false},"excerpt":{"rendered":"<p>POL\u00edmeros y otros materiales, Caracterizaci\u00f3n y Aplicaciones Grupo de Investigaci\u00f3n de la Universidad Polit\u00e9cnica de Madrid<\/p>\n","protected":false},"author":1,"featured_media":44,"parent":0,"menu_order":0,"comment_status":"closed","ping_status":"closed","template":"","meta":{"_monsterinsights_skip_tracking":false,"_monsterinsights_sitenote_active":false,"_monsterinsights_sitenote_note":"","_monsterinsights_sitenote_category":0,"footnotes":""},"class_list":["post-17","page","type-page","status-publish","has-post-thumbnail","hentry"],"_links":{"self":[{"href":"http:\/\/polca.upm.es\/index.php\/wp-json\/wp\/v2\/pages\/17"}],"collection":[{"href":"http:\/\/polca.upm.es\/index.php\/wp-json\/wp\/v2\/pages"}],"about":[{"href":"http:\/\/polca.upm.es\/index.php\/wp-json\/wp\/v2\/types\/page"}],"author":[{"embeddable":true,"href":"http:\/\/polca.upm.es\/index.php\/wp-json\/wp\/v2\/users\/1"}],"replies":[{"embeddable":true,"href":"http:\/\/polca.upm.es\/index.php\/wp-json\/wp\/v2\/comments?post=17"}],"version-history":[{"count":6,"href":"http:\/\/polca.upm.es\/index.php\/wp-json\/wp\/v2\/pages\/17\/revisions"}],"predecessor-version":[{"id":487,"href":"http:\/\/polca.upm.es\/index.php\/wp-json\/wp\/v2\/pages\/17\/revisions\/487"}],"wp:featuredmedia":[{"embeddable":true,"href":"http:\/\/polca.upm.es\/index.php\/wp-json\/wp\/v2\/media\/44"}],"wp:attachment":[{"href":"http:\/\/polca.upm.es\/index.php\/wp-json\/wp\/v2\/media?parent=17"}],"curies":[{"name":"wp","href":"https:\/\/api.w.org\/{rel}","templated":true}]}}